{"id":2916,"date":"2025-09-26T05:52:49","date_gmt":"2025-09-26T05:52:49","guid":{"rendered":"https:\/\/www.yilmazakrilik.com\/?post_type=product&#038;p=2916"},"modified":"2025-10-14T12:14:39","modified_gmt":"2025-10-14T12:14:39","slug":"banyo-lavabolar","status":"publish","type":"product","link":"https:\/\/www.yilmazakrilik.com\/index.php\/urun\/banyo-lavabolar\/","title":{"rendered":"Banyo &#038; Lavabolar"},"content":{"rendered":"\t\t<div data-elementor-type=\"product\" data-elementor-id=\"3199\" class=\"elementor elementor-3199 product\" data-elementor-post-type=\"elementor_library\">\n\t\t\t<div class=\"elementor-element elementor-element-3930639e e-flex e-con-boxed kitify-col-width-auto-no ignore-docs-style-no kitify-disable-relative-no e-root-container elementor-top-section e-con e-parent\" data-id=\"3930639e\" data-element_type=\"container\" data-e-type=\"container\">\n\t\t\t\t\t<div class=\"e-con-inner\">\n\t\t<div class=\"elementor-element elementor-element-246cbf06 e-con-full e-flex kitify-col-width-auto-no ignore-docs-style-no kitify-disable-relative-no e-con e-child\" data-id=\"246cbf06\" data-element_type=\"container\" data-e-type=\"container\">\n\t\t\t\t<div class=\"elementor-element elementor-element-75fbf3fc elementor-widget elementor-widget-heading\" data-id=\"75fbf3fc\" data-element_type=\"widget\" data-e-type=\"widget\" data-widget_type=\"heading.default\">\n\t\t\t\t\t<h2 class=\"elementor-heading-title elementor-size-default\">Banyo Tezgahlar\u0131<\/h2>\t\t\t\t<\/div>\n\t\t\t\t<div class=\"elementor-element elementor-element-7c512613 elementor-widget elementor-widget-text-editor\" data-id=\"7c512613\" data-element_type=\"widget\" data-e-type=\"widget\" data-widget_type=\"text-editor.default\">\n\t\t\t\t\t\t\t\t\t<ul><li>Akrilik banyo tezgahlar\u0131, \u0131slak hacimler i\u00e7in en hijyenik y\u00fczey \u00e7\u00f6z\u00fcmlerinden biridir.<\/li><li>\u00f6zeneksiz yap\u0131s\u0131 sayesinde su ve nem ge\u00e7irmez, k\u00fcf ve bakteri olu\u015fumunu engeller.<\/li><li>YILMAZ AKR\u0130L\u0130K olarak banyo dolaplar\u0131na \u00f6zel \u00f6l\u00e7\u00fcde \u00fcretim yaparak, hem estetik hem fonksiyonel bir \u00e7\u00f6z\u00fcm sunuyoruz.<\/li><li>\u0130ster dolap \u00fcst\u00fc, ister duvardan konsol tipi banyo tezgah\u0131 tercih edin; t\u00fcm y\u00fczeylerde mat veya parlak akrilik alternatifleriyle modern bir g\u00f6r\u00fcn\u00fcm elde edebilirsiniz.<\/li><li>Aksesuar delikleri, s\u00fcp\u00fcrgelik d\u00f6n\u00fc\u015fleri, aynal\u0131k ba\u011flant\u0131lar\u0131 ve armat\u00fcr alanlar\u0131 tamamen projenize \u00f6zel olarak haz\u0131rlan\u0131r.<br \/>Akrilik malzemenin \u0131s\u0131 ile \u015fekillendirilebilir yap\u0131s\u0131, banyolarda kesintisiz y\u00fczey ge\u00e7i\u015fleri sa\u011flar ve kullan\u0131m konforunu art\u0131r\u0131r.<\/li><\/ul>\t\t\t\t\t\t\t\t<\/div>\n\t\t\t\t<div class=\"elementor-element elementor-element-4a8d5f24 elementor-widget elementor-widget-heading\" data-id=\"4a8d5f24\" data-element_type=\"widget\" data-e-type=\"widget\" data-widget_type=\"heading.default\">\n\t\t\t\t\t<h2 class=\"elementor-heading-title elementor-size-default\">Avantajlar\u0131:<\/h2>\t\t\t\t<\/div>\n\t\t\t\t<div class=\"elementor-element elementor-element-74b5fe42 elementor-widget elementor-widget-text-editor\" data-id=\"74b5fe42\" data-element_type=\"widget\" data-e-type=\"widget\" data-widget_type=\"text-editor.default\">\n\t\t\t\t\t\t\t\t\t<ul><li>Suya, buhara ve neme kar\u015f\u0131 y\u00fcksek dayan\u0131m<\/li><li>K\u00fcf ve bakteri \u00fcretmeyen hijyenik y\u00fczey<\/li><li>Y\u00fczey yenilenebilir ve onar\u0131labilir yap\u0131<\/li><li>Derzsiz ve estetik birle\u015fimler<\/li><li>Kolay temizlik, uzun \u00f6m\u00fcr<\/li><\/ul><p>Banyo tezgahlar\u0131nda kullan\u0131lan solid surface akrilik malzeme, mermer ya da granit gibi ta\u015f malzemelere g\u00f6re \u00e7ok daha hafif ve esnektir. Bu \u00f6zellik, hem ta\u015f\u0131ma kolayl\u0131\u011f\u0131 hem de montaj h\u0131z\u0131nda avantaj sa\u011flar.<\/p>\t\t\t\t\t\t\t\t<\/div>\n\t\t\t\t<div class=\"elementor-element elementor-element-541007dc elementor-widget elementor-widget-heading\" data-id=\"541007dc\" data-element_type=\"widget\" data-e-type=\"widget\" data-widget_type=\"heading.default\">\n\t\t\t\t\t<h2 class=\"elementor-heading-title elementor-size-default\">Akrilik Tezgah Fiyatlar\u0131<\/h2>\t\t\t\t<\/div>\n\t\t\t\t<div class=\"elementor-element elementor-element-6004a926 elementor-widget elementor-widget-text-editor\" data-id=\"6004a926\" data-element_type=\"widget\" data-e-type=\"widget\" data-widget_type=\"text-editor.default\">\n\t\t\t\t\t\t\t\t\t<p>Akrilik mutfak tezgah\u0131 fiyatlar\u0131; projenin \u00f6l\u00e7\u00fcs\u00fcne, se\u00e7ilen malzeme markas\u0131na, renk dokusuna ve \u00f6zel tasar\u0131m detaylar\u0131na g\u00f6re de\u011fi\u015fir. Ancak uzun \u00f6m\u00fcrl\u00fc kullan\u0131m ve bak\u0131m kolayl\u0131\u011f\u0131 g\u00f6z \u00f6n\u00fcne al\u0131nd\u0131\u011f\u0131nda, akrilik tezgahlar uzun vadede ekonomik \u00e7\u00f6z\u00fcmd\u00fcr.<\/p><p>YILMAZ AKR\u0130L\u0130K olarak t\u00fcm m\u00fc\u015fterilerimize \u00fccretsiz ke\u015fif ve fiyat teklifi hizmeti sunuyoruz. Size en uygun tezgah modelini belirleyip k\u0131sa s\u00fcrede uygulamaya ge\u00e7iyoruz.<\/p><p>\u00a0<\/p><p>Akrilik Mutfak Tezgah\u0131nda Neden YILMAZ AKR\u0130L\u0130K?<\/p><p>Her mutfa\u011fa \u00f6zel \u00f6l\u00e7\u00fcye g\u00f6re \u00fcretim ve montaj<\/p><p>CNC hassas kesim teknolojisi ile kusursuz birle\u015fim<\/p><p>Hijyen, estetik ve uzun \u00f6m\u00fcr garantisi<\/p><p>Yerinde servis ve bak\u0131m imk\u00e2n\u0131<\/p><p>Profesyonel ke\u015fif, tasar\u0131m ve dan\u0131\u015fmanl\u0131k deste\u011fi<\/p><p>\u00a0<\/p><p>YILMAZ AKR\u0130L\u0130K olarak amac\u0131m\u0131z, hem estetik a\u00e7\u0131dan modern hem de teknik a\u00e7\u0131dan kusursuz mutfak tezgahlar\u0131 \u00fcretmek. Her biri el i\u015f\u00e7ili\u011fiyle tamamlanan akrilik y\u00fczeylerimizle ya\u015fam alanlar\u0131n\u0131za de\u011fer kat\u0131yoruz.<\/p>\t\t\t\t\t\t\t\t<\/div>\n\t\t\t\t<div class=\"elementor-element elementor-element-3ba089c elementor-widget elementor-widget-text-editor\" data-id=\"3ba089c\" data-element_type=\"widget\" data-e-type=\"widget\" data-widget_type=\"text-editor.default\">\n\t\t\t\t\t\t\t\t\t<p>YILMAZ AKR\u0130L\u0130K\u2019in Fark\u0131<\/p><p>YILMAZ AKR\u0130L\u0130K, \u0131slak hacim \u00e7\u00f6z\u00fcmlerinde hem estetik hem de teknik a\u00e7\u0131dan fark yarat\u0131r.<\/p><p>Banyo tezgahlar\u0131, lavabolar ve \u00f6zel formlar; CNC kesim teknolojisi, \u0131s\u0131 ile \u015fekillendirme ve profesyonel montaj ekibi sayesinde kusursuz bir \u015fekilde uygulan\u0131r.<\/p><p>T\u00fcm \u00fcretimlerimizde Hijyen Standartlar\u0131na Uygun Solid Surface malzeme kullan\u0131lmaktad\u0131r.<\/p><p>Ankara merkezli at\u00f6lyemizde, T\u00fcrkiye genelinde onlarca konut, otel, hastane ve ofis projesine imza atmaktay\u0131z.<\/p>\t\t\t\t\t\t\t\t<\/div>\n\t\t\t\t<\/div>\n\t\t<div class=\"elementor-element elementor-element-3285b01 e-con-full e-flex kitify-col-width-auto-no ignore-docs-style-no kitify-disable-relative-no e-con e-child\" data-id=\"3285b01\" data-element_type=\"container\" data-e-type=\"container\">\n\t\t\t\t<div class=\"elementor-element elementor-element-88b429d elementor-widget elementor-widget-heading\" data-id=\"88b429d\" data-element_type=\"widget\" data-e-type=\"widget\" data-widget_type=\"heading.default\">\n\t\t\t\t\t<h2 class=\"elementor-heading-title elementor-size-default\">Lavabo &amp; Evyeler<\/h2>\t\t\t\t<\/div>\n\t\t\t\t<div class=\"elementor-element elementor-element-595137a5 elementor-widget elementor-widget-heading\" data-id=\"595137a5\" data-element_type=\"widget\" data-e-type=\"widget\" data-widget_type=\"heading.default\">\n\t\t\t\t\t<p class=\"elementor-heading-title elementor-size-default\">YILMAZ AKR\u0130L\u0130K, tezg\u00e2hla tamamen b\u00fct\u00fcnle\u015fik lavabolar tasarlayarak banyolarda estetik s\u00fcreklili\u011fi sa\u011flar.\nDerzsiz birle\u015fim tekni\u011fiyle \u00fcretilen lavabolar, y\u00fczeyde hi\u00e7bir ek izi olu\u015fturmaz. Bu sayede hem modern bir g\u00f6r\u00fcn\u00fcm elde edilir hem de hijyen maksimum d\u00fczeye \u00e7\u0131kar.\n\u00dcretim s\u00fcrecinde, standart \u00f6l\u00e7\u00fclere ek olarak, her projeye uygun \u00f6zel \u00f6l\u00e7\u00fc ve form se\u00e7enekleri sunulmaktad\u0131r.\nLavabo derinli\u011fi, hazne geni\u015fli\u011fi, e\u011fim oran\u0131 ve su ak\u0131\u015f sistemleri ergonomik de\u011ferlere g\u00f6re optimize edilir.\nB\u00f6ylece hem konforlu bir kullan\u0131m hem de uzun \u00f6m\u00fcrl\u00fc bir dayan\u0131kl\u0131l\u0131k sa\u011flan\u0131r.\n<\/p>\t\t\t\t<\/div>\n\t\t<div class=\"elementor-element elementor-element-3737b8f1 e-grid e-con-full kitify-col-width-auto-no ignore-docs-style-no kitify-disable-relative-no e-con e-child\" data-id=\"3737b8f1\" data-element_type=\"container\" data-e-type=\"container\">\n\t\t\t\t<div class=\"elementor-element elementor-element-77a6954e elementor-widget elementor-widget-image\" data-id=\"77a6954e\" data-element_type=\"widget\" data-e-type=\"widget\" data-widget_type=\"image.default\">\n\t\t\t\t\t\t\t\t\t\t\t\t\t\t\t<img fetchpriority=\"high\" decoding=\"async\" width=\"1000\" height=\"1000\" src=\"https:\/\/www.yilmazakrilik.com\/wp-content\/uploads\/2025\/09\/banyo_lavabolar_14102025_1455.png\" class=\"attachment-full size-full wp-image-3208\" alt=\"\" srcset=\"https:\/\/www.yilmazakrilik.com\/wp-content\/uploads\/2025\/09\/banyo_lavabolar_14102025_1455.png 1000w, https:\/\/www.yilmazakrilik.com\/wp-content\/uploads\/2025\/09\/banyo_lavabolar_14102025_1455-300x300.png 300w, https:\/\/www.yilmazakrilik.com\/wp-content\/uploads\/2025\/09\/banyo_lavabolar_14102025_1455-150x150.png 150w, https:\/\/www.yilmazakrilik.com\/wp-content\/uploads\/2025\/09\/banyo_lavabolar_14102025_1455-768x768.png 768w, https:\/\/www.yilmazakrilik.com\/wp-content\/uploads\/2025\/09\/banyo_lavabolar_14102025_1455-250x250.png 250w, https:\/\/www.yilmazakrilik.com\/wp-content\/uploads\/2025\/09\/banyo_lavabolar_14102025_1455-50x50.png 50w, https:\/\/www.yilmazakrilik.com\/wp-content\/uploads\/2025\/09\/banyo_lavabolar_14102025_1455-100x100.png 100w\" sizes=\"(max-width: 1000px) 100vw, 1000px\" \/>\t\t\t\t\t\t\t\t\t\t\t\t\t\t\t<\/div>\n\t\t\t\t<div class=\"elementor-element elementor-element-25631a78 elementor-widget elementor-widget-image\" data-id=\"25631a78\" data-element_type=\"widget\" data-e-type=\"widget\" data-widget_type=\"image.default\">\n\t\t\t\t\t\t\t\t\t\t\t\t\t\t\t<img decoding=\"async\" width=\"1000\" height=\"1000\" src=\"https:\/\/www.yilmazakrilik.com\/wp-content\/uploads\/2025\/09\/banyo_lavabolar_14102025_1452.png\" class=\"attachment-full size-full wp-image-3205\" alt=\"\" srcset=\"https:\/\/www.yilmazakrilik.com\/wp-content\/uploads\/2025\/09\/banyo_lavabolar_14102025_1452.png 1000w, https:\/\/www.yilmazakrilik.com\/wp-content\/uploads\/2025\/09\/banyo_lavabolar_14102025_1452-300x300.png 300w, https:\/\/www.yilmazakrilik.com\/wp-content\/uploads\/2025\/09\/banyo_lavabolar_14102025_1452-150x150.png 150w, https:\/\/www.yilmazakrilik.com\/wp-content\/uploads\/2025\/09\/banyo_lavabolar_14102025_1452-768x768.png 768w, https:\/\/www.yilmazakrilik.com\/wp-content\/uploads\/2025\/09\/banyo_lavabolar_14102025_1452-250x250.png 250w, https:\/\/www.yilmazakrilik.com\/wp-content\/uploads\/2025\/09\/banyo_lavabolar_14102025_1452-50x50.png 50w, https:\/\/www.yilmazakrilik.com\/wp-content\/uploads\/2025\/09\/banyo_lavabolar_14102025_1452-100x100.png 100w\" sizes=\"(max-width: 1000px) 100vw, 1000px\" \/>\t\t\t\t\t\t\t\t\t\t\t\t\t\t\t<\/div>\n\t\t\t\t<\/div>\n\t\t\t\t<div class=\"elementor-element elementor-element-2e5ed993 elementor-widget elementor-widget-heading\" data-id=\"2e5ed993\" data-element_type=\"widget\" data-e-type=\"widget\" data-widget_type=\"heading.default\">\n\t\t\t\t\t<p class=\"elementor-heading-title elementor-size-default\">\u00d6ne \u00e7\u0131kan avantajlar:<\/p>\t\t\t\t<\/div>\n\t\t\t\t<div class=\"elementor-element elementor-element-ccef72a elementor-widget elementor-widget-text-editor\" data-id=\"ccef72a\" data-element_type=\"widget\" data-e-type=\"widget\" data-widget_type=\"text-editor.default\">\n\t\t\t\t\t\t\t\t\t<ul><li>Tezg\u00e2hla b\u00fct\u00fcnle\u015fik \u00fcretim<\/li><li>Ek yeri g\u00f6r\u00fcnmeyen p\u00fcr\u00fczs\u00fcz y\u00fczey<\/li><li>Kolay temizlenebilir yap\u0131<\/li><li>Ergonomik derinlik ve geni\u015flik se\u00e7enekleri<\/li><li>Estetik tasar\u0131m, maksimum hijyen<\/li><li>Gizli Giderli Evyeler<\/li><\/ul>\t\t\t\t\t\t\t\t<\/div>\n\t\t\t\t<div class=\"elementor-element elementor-element-4429557 elementor-widget elementor-widget-heading\" data-id=\"4429557\" data-element_type=\"widget\" data-e-type=\"widget\" data-widget_type=\"heading.default\">\n\t\t\t\t\t<p class=\"elementor-heading-title elementor-size-default\">Avantajlar\u0131:<\/p>\t\t\t\t<\/div>\n\t\t\t\t<div class=\"elementor-element elementor-element-8cc350e elementor-widget elementor-widget-text-editor\" data-id=\"8cc350e\" data-element_type=\"widget\" data-e-type=\"widget\" data-widget_type=\"text-editor.default\">\n\t\t\t\t\t\t\t\t\t<ul><li>Minimalist ve modern g\u00f6r\u00fcn\u00fcm<\/li><li>Sessiz su ak\u0131\u015f\u0131<\/li><li>Kolay temizlenebilir, bakteri bar\u0131nd\u0131rmaz<\/li><li>Y\u00fcksek \u0131s\u0131 ve nem dayan\u0131m\u0131<\/li><li>Projeye \u00f6zel \u00f6l\u00e7\u00fclendirme<\/li><li>\u00d6zel Tasar\u0131m Lavabolar<\/li><\/ul>\t\t\t\t\t\t\t\t<\/div>\n\t\t\t\t<div class=\"elementor-element elementor-element-b14f96f elementor-widget elementor-widget-heading\" data-id=\"b14f96f\" data-element_type=\"widget\" data-e-type=\"widget\" data-widget_type=\"heading.default\">\n\t\t\t\t\t<p class=\"elementor-heading-title elementor-size-default\">Banyo tasar\u0131mlar\u0131nda art\u0131k s\u0131radan formlar de\u011fil, mek\u00e2na karakter katan \u00f6zg\u00fcn hatlar \u00f6ne \u00e7\u0131k\u0131yor.\nYILMAZ AKR\u0130L\u0130K, heykelsi k\u0131vr\u0131mlara sahip monoblok lavabolar, ayd\u0131nlatma entegreli tasar\u0131mlar, ni\u015f ve raf birle\u015fimli sistemler gibi tamamen \u00f6zel \u00fcretim akrilik \u00e7\u00f6z\u00fcmler sunar.\nKullan\u0131c\u0131 al\u0131\u015fkanl\u0131klar\u0131na ve banyonun mimarisine g\u00f6re \u00f6zel kal\u0131plarda \u00fcretilen bu lavabolar, hem estetik hem m\u00fchendislik a\u00e7\u0131s\u0131ndan kusursuzdur.\n<\/p>\t\t\t\t<\/div>\n\t\t\t\t<div class=\"elementor-element elementor-element-ed348c2 elementor-widget elementor-widget-heading\" data-id=\"ed348c2\" data-element_type=\"widget\" data-e-type=\"widget\" data-widget_type=\"heading.default\">\n\t\t\t\t\t<p class=\"elementor-heading-title elementor-size-default\">Her \u00f6zel tasar\u0131m lavaboda;<\/p>\t\t\t\t<\/div>\n\t\t\t\t<div class=\"elementor-element elementor-element-637a20b elementor-widget elementor-widget-text-editor\" data-id=\"637a20b\" data-element_type=\"widget\" data-e-type=\"widget\" data-widget_type=\"text-editor.default\">\n\t\t\t\t\t\t\t\t\t<ul><li>Ta\u015fma ve kuruma senaryolar\u0131na uygun drenaj sistemi,<\/li><li>Gizli montaj detaylar\u0131,<\/li><li>Hafif ve dayan\u0131kl\u0131 yap\u0131,<\/li><li>Ayd\u0131nlatma entegrasyonuna uygun tasar\u0131m detaylar\u0131 bulunur.<\/li><li>Bu sayede hem otellerin lobi alanlar\u0131nda hem de ev banyolar\u0131nda estetik bir vurgu noktas\u0131 olu\u015fturur.<\/li><li>Akrilik Banyo \u00dcr\u00fcnlerinin Sa\u011flad\u0131\u011f\u0131 Faydalar<\/li><li>Derzsiz ve tek par\u00e7a hissi veren y\u00fczey<\/li><li>Neme ve s\u0131cakl\u0131\u011fa kar\u015f\u0131 y\u00fcksek dayan\u0131kl\u0131l\u0131k<\/li><li>Kolay temizlenebilir, bakteri \u00fcretmeyen yap\u0131<\/li><li>Onar\u0131labilir ve uzun \u00f6m\u00fcrl\u00fc y\u00fczey<\/li><li>Estetik, modern ve hijyenik g\u00f6r\u00fcn\u00fcm<\/li><li>Renk ve form \u00e7e\u015fitlili\u011fi ile her banyo tarz\u0131na uyum<\/li><\/ul>\t\t\t\t\t\t\t\t<\/div>\n\t\t\t\t<\/div>\n\t\t\t\t\t<\/div>\n\t\t\t\t<\/div>\n\t\t\t\t<\/div>\n\t\t\n","protected":false},"excerpt":{"rendered":"<p>YILMAZ AKR\u0130L\u0130K, banyolarda esteti\u011fi ve hijyeni bir arada sunan akrilik y\u00fczey \u00e7\u00f6z\u00fcmleriyle ya\u015fam alanlar\u0131na modern bir dokunu\u015f kazand\u0131r\u0131yor.<br data-start=\"583\" data-end=\"586\" \/>K\u00fcf ve bakteri tutmayan, suya dayan\u0131kl\u0131, p\u00fcr\u00fczs\u00fcz y\u00fczeyiyle akrilik banyo tezgahlar\u0131 ve lavabolar, uzun \u00f6m\u00fcrl\u00fc ve kolay temizlenebilir yap\u0131s\u0131yla fark yarat\u0131yor.<br data-start=\"746\" data-end=\"749\" \/>Tek par\u00e7a hissi veren derzsiz birle\u015fimleri, \u00f6zel formlar\u0131 ve ayd\u0131nlatma entegrasyonlar\u0131yla banyonuzda sade ama etkileyici bir atmosfer olu\u015fturabilirsiniz.<\/p>\n","protected":false},"featured_media":3203,"comment_status":"open","ping_status":"closed","template":"","meta":[],"product_brand":[],"product_cat":[78],"product_tag":[105,96,110,108,102,97,101,100,103,98,106,107,104,109,99],"class_list":{"0":"post-2916","1":"product","2":"type-product","3":"status-publish","4":"has-post-thumbnail","6":"product_cat-banyo-lavabolar","7":"product_tag-akrilik-banyo-cozumleri","8":"product_tag-akrilik-banyo-tezgahi","9":"product_tag-akrilik-banyo-uygulamalari","10":"product_tag-akrilik-evye-sistemleri","11":"product_tag-akrilik-lavabo-imalati","12":"product_tag-akrilik-lavabo-modelleri","13":"product_tag-ankara-akrilik-banyo-tezgahi","14":"product_tag-banyo-tezgahi-fiyatlari","15":"product_tag-derzsiz-banyo-tezgahi","16":"product_tag-gizli-giderli-lavabo","17":"product_tag-hijyenik-lavabo","18":"product_tag-modern-banyo-tezgahlari","19":"product_tag-ozel-tasarim-lavabo","20":"product_tag-solid-surface-banyo-tezgahi","21":"product_tag-solid-surface-lavabo","23":"first","24":"instock","25":"shipping-taxable","26":"product-type-simple"},"_links":{"self":[{"href":"https:\/\/www.yilmazakrilik.com\/index.php\/wp-json\/wp\/v2\/product\/2916","targetHints":{"allow":["GET"]}}],"collection":[{"href":"https:\/\/www.yilmazakrilik.com\/index.php\/wp-json\/wp\/v2\/product"}],"about":[{"href":"https:\/\/www.yilmazakrilik.com\/index.php\/wp-json\/wp\/v2\/types\/product"}],"replies":[{"embeddable":true,"href":"https:\/\/www.yilmazakrilik.com\/index.php\/wp-json\/wp\/v2\/comments?post=2916"}],"wp:featuredmedia":[{"embeddable":true,"href":"https:\/\/www.yilmazakrilik.com\/index.php\/wp-json\/wp\/v2\/media\/3203"}],"wp:attachment":[{"href":"https:\/\/www.yilmazakrilik.com\/index.php\/wp-json\/wp\/v2\/media?parent=2916"}],"wp:term":[{"taxonomy":"product_brand","embeddable":true,"href":"https:\/\/www.yilmazakrilik.com\/index.php\/wp-json\/wp\/v2\/product_brand?post=2916"},{"taxonomy":"product_cat","embeddable":true,"href":"https:\/\/www.yilmazakrilik.com\/index.php\/wp-json\/wp\/v2\/product_cat?post=2916"},{"taxonomy":"product_tag","embeddable":true,"href":"https:\/\/www.yilmazakrilik.com\/index.php\/wp-json\/wp\/v2\/product_tag?post=2916"}],"curies":[{"name":"wp","href":"https:\/\/api.w.org\/{rel}","templated":true}]}}